{"id":11561,"date":"2022-04-06T10:13:29","date_gmt":"2022-04-06T10:13:29","guid":{"rendered":"https:\/\/yourtours.tourismmarketing.agency\/porto\/"},"modified":"2024-05-28T09:07:09","modified_gmt":"2024-05-28T09:07:09","slug":"guia-viajes-algarve","status":"publish","type":"page","link":"https:\/\/yourtoursportugal.com\/es\/guia-viajes-algarve\/","title":{"rendered":"Algarve Travel Guide"},"content":{"rendered":"","protected":false},"excerpt":{"rendered":"","protected":false},"author":4,"featured_media":12585,"parent":0,"menu_order":0,"comment_status":"closed","ping_status":"closed","template":"","meta":{"_acf_changed":false,"inline_featured_image":false,"footnotes":""},"class_list":["post-11561","page","type-page","status-publish","has-post-thumbnail","hentry"],"acf":[],"yoast_head":"<!-- This site is optimized with the Yoast SEO plugin v26.8 - https:\/\/yoast.com\/product\/yoast-seo-wordpress\/ -->\n<title>Bienvenido al Algarve | Your Tours Portugal<\/title>\n<meta name=\"description\" content=\"\u00danase a Your Tours Portugal para conocer nuestra gu\u00eda del Algarve: cu\u00e1ndo ir, qu\u00e9 ver y mucho m\u00e1s. Empiece hoy mismo a planificar su aventura en Portugal.\" \/>\n<meta name=\"robots\" content=\"index, follow, max-snippet:-1, max-image-preview:large, max-video-preview:-1\" \/>\n<link rel=\"canonical\" href=\"https:\/\/yourtoursportugal.com\/es\/guia-viajes-algarve\/\" \/>\n<meta property=\"og:locale\" content=\"es_ES\" \/>\n<meta property=\"og:type\" content=\"article\" \/>\n<meta property=\"og:title\" content=\"Bienvenido al Algarve | Your Tours Portugal\" \/>\n<meta property=\"og:description\" content=\"\u00danase a Your Tours Portugal para conocer nuestra gu\u00eda del Algarve: cu\u00e1ndo ir, qu\u00e9 ver y mucho m\u00e1s. Empiece hoy mismo a planificar su aventura en Portugal.\" \/>\n<meta property=\"og:url\" content=\"https:\/\/yourtoursportugal.com\/es\/guia-viajes-algarve\/\" \/>\n<meta property=\"og:site_name\" content=\"Your Tours Portugal\" \/>\n<meta property=\"article:publisher\" content=\"https:\/\/www.facebook.com\/yourtoursportugal\" \/>\n<meta property=\"article:modified_time\" content=\"2024-05-28T09:07:09+00:00\" \/>\n<meta property=\"og:image\" content=\"https:\/\/yourtoursportugal.com\/wp-content\/uploads\/2022\/12\/portugal-cave.jpg\" \/>\n\t<meta property=\"og:image:width\" content=\"1920\" \/>\n\t<meta property=\"og:image:height\" content=\"1080\" \/>\n\t<meta property=\"og:image:type\" content=\"image\/jpeg\" \/>\n<meta name=\"twitter:card\" content=\"summary_large_image\" \/>\n<script type=\"application\/ld+json\" class=\"yoast-schema-graph\">{\"@context\":\"https:\/\/schema.org\",\"@graph\":[{\"@type\":\"WebPage\",\"@id\":\"https:\/\/yourtoursportugal.com\/es\/guia-viajes-algarve\/\",\"url\":\"https:\/\/yourtoursportugal.com\/es\/guia-viajes-algarve\/\",\"name\":\"Bienvenido al Algarve | Your Tours Portugal\",\"isPartOf\":{\"@id\":\"https:\/\/yourtoursportugal.com\/es\/#website\"},\"primaryImageOfPage\":{\"@id\":\"https:\/\/yourtoursportugal.com\/es\/guia-viajes-algarve\/#primaryimage\"},\"image\":{\"@id\":\"https:\/\/yourtoursportugal.com\/es\/guia-viajes-algarve\/#primaryimage\"},\"thumbnailUrl\":\"https:\/\/yourtoursportugal.com\/wp-content\/uploads\/2022\/12\/portugal-cave.jpg\",\"datePublished\":\"2022-04-06T10:13:29+00:00\",\"dateModified\":\"2024-05-28T09:07:09+00:00\",\"description\":\"\u00danase a Your Tours Portugal para conocer nuestra gu\u00eda del Algarve: cu\u00e1ndo ir, qu\u00e9 ver y mucho m\u00e1s. Empiece hoy mismo a planificar su aventura en Portugal.\",\"breadcrumb\":{\"@id\":\"https:\/\/yourtoursportugal.com\/es\/guia-viajes-algarve\/#breadcrumb\"},\"inLanguage\":\"es\",\"potentialAction\":[{\"@type\":\"ReadAction\",\"target\":[\"https:\/\/yourtoursportugal.com\/es\/guia-viajes-algarve\/\"]}]},{\"@type\":\"ImageObject\",\"inLanguage\":\"es\",\"@id\":\"https:\/\/yourtoursportugal.com\/es\/guia-viajes-algarve\/#primaryimage\",\"url\":\"https:\/\/yourtoursportugal.com\/wp-content\/uploads\/2022\/12\/portugal-cave.jpg\",\"contentUrl\":\"https:\/\/yourtoursportugal.com\/wp-content\/uploads\/2022\/12\/portugal-cave.jpg\",\"width\":1920,\"height\":1080},{\"@type\":\"BreadcrumbList\",\"@id\":\"https:\/\/yourtoursportugal.com\/es\/guia-viajes-algarve\/#breadcrumb\",\"itemListElement\":[{\"@type\":\"ListItem\",\"position\":1,\"name\":\"Inicio\",\"item\":\"https:\/\/yourtoursportugal.com\/es\/\"},{\"@type\":\"ListItem\",\"position\":2,\"name\":\"Algarve Travel Guide\"}]},{\"@type\":\"WebSite\",\"@id\":\"https:\/\/yourtoursportugal.com\/es\/#website\",\"url\":\"https:\/\/yourtoursportugal.com\/es\/\",\"name\":\"Your Tours Portugal\",\"description\":\"Viajes privados y experiencias a medida en Portugal\",\"publisher\":{\"@id\":\"https:\/\/yourtoursportugal.com\/es\/#organization\"},\"potentialAction\":[{\"@type\":\"SearchAction\",\"target\":{\"@type\":\"EntryPoint\",\"urlTemplate\":\"https:\/\/yourtoursportugal.com\/es\/?s={search_term_string}\"},\"query-input\":{\"@type\":\"PropertyValueSpecification\",\"valueRequired\":true,\"valueName\":\"search_term_string\"}}],\"inLanguage\":\"es\"},{\"@type\":\"Organization\",\"@id\":\"https:\/\/yourtoursportugal.com\/es\/#organization\",\"name\":\"Your Tours Portugal\",\"url\":\"https:\/\/yourtoursportugal.com\/es\/\",\"logo\":{\"@type\":\"ImageObject\",\"inLanguage\":\"es\",\"@id\":\"https:\/\/yourtoursportugal.com\/es\/#\/schema\/logo\/image\/\",\"url\":\"https:\/\/yourtoursportugal.com\/wp-content\/uploads\/2022\/02\/Logotipo-YT-Portugal-vORIGINAL.png.webp\",\"contentUrl\":\"https:\/\/yourtoursportugal.com\/wp-content\/uploads\/2022\/02\/Logotipo-YT-Portugal-vORIGINAL.png.webp\",\"width\":438,\"height\":440,\"caption\":\"Your Tours Portugal\"},\"image\":{\"@id\":\"https:\/\/yourtoursportugal.com\/es\/#\/schema\/logo\/image\/\"},\"sameAs\":[\"https:\/\/www.facebook.com\/yourtoursportugal\",\"https:\/\/www.instagram.com\/yourtoursportugal\/\",\"https:\/\/www.linkedin.com\/company\/yourtoursportugal\/\"]}]}<\/script>\n<!-- \/ Yoast SEO plugin. -->","yoast_head_json":{"title":"Bienvenido al Algarve | Your Tours Portugal","description":"\u00danase a Your Tours Portugal para conocer nuestra gu\u00eda del Algarve: cu\u00e1ndo ir, qu\u00e9 ver y mucho m\u00e1s. Empiece hoy mismo a planificar su aventura en Portugal.","robots":{"index":"index","follow":"follow","max-snippet":"max-snippet:-1","max-image-preview":"max-image-preview:large","max-video-preview":"max-video-preview:-1"},"canonical":"https:\/\/yourtoursportugal.com\/es\/guia-viajes-algarve\/","og_locale":"es_ES","og_type":"article","og_title":"Bienvenido al Algarve | Your Tours Portugal","og_description":"\u00danase a Your Tours Portugal para conocer nuestra gu\u00eda del Algarve: cu\u00e1ndo ir, qu\u00e9 ver y mucho m\u00e1s. Empiece hoy mismo a planificar su aventura en Portugal.","og_url":"https:\/\/yourtoursportugal.com\/es\/guia-viajes-algarve\/","og_site_name":"Your Tours Portugal","article_publisher":"https:\/\/www.facebook.com\/yourtoursportugal","article_modified_time":"2024-05-28T09:07:09+00:00","og_image":[{"width":1920,"height":1080,"url":"https:\/\/yourtoursportugal.com\/wp-content\/uploads\/2022\/12\/portugal-cave.jpg","type":"image\/jpeg"}],"twitter_card":"summary_large_image","schema":{"@context":"https:\/\/schema.org","@graph":[{"@type":"WebPage","@id":"https:\/\/yourtoursportugal.com\/es\/guia-viajes-algarve\/","url":"https:\/\/yourtoursportugal.com\/es\/guia-viajes-algarve\/","name":"Bienvenido al Algarve | Your Tours Portugal","isPartOf":{"@id":"https:\/\/yourtoursportugal.com\/es\/#website"},"primaryImageOfPage":{"@id":"https:\/\/yourtoursportugal.com\/es\/guia-viajes-algarve\/#primaryimage"},"image":{"@id":"https:\/\/yourtoursportugal.com\/es\/guia-viajes-algarve\/#primaryimage"},"thumbnailUrl":"https:\/\/yourtoursportugal.com\/wp-content\/uploads\/2022\/12\/portugal-cave.jpg","datePublished":"2022-04-06T10:13:29+00:00","dateModified":"2024-05-28T09:07:09+00:00","description":"\u00danase a Your Tours Portugal para conocer nuestra gu\u00eda del Algarve: cu\u00e1ndo ir, qu\u00e9 ver y mucho m\u00e1s. Empiece hoy mismo a planificar su aventura en Portugal.","breadcrumb":{"@id":"https:\/\/yourtoursportugal.com\/es\/guia-viajes-algarve\/#breadcrumb"},"inLanguage":"es","potentialAction":[{"@type":"ReadAction","target":["https:\/\/yourtoursportugal.com\/es\/guia-viajes-algarve\/"]}]},{"@type":"ImageObject","inLanguage":"es","@id":"https:\/\/yourtoursportugal.com\/es\/guia-viajes-algarve\/#primaryimage","url":"https:\/\/yourtoursportugal.com\/wp-content\/uploads\/2022\/12\/portugal-cave.jpg","contentUrl":"https:\/\/yourtoursportugal.com\/wp-content\/uploads\/2022\/12\/portugal-cave.jpg","width":1920,"height":1080},{"@type":"BreadcrumbList","@id":"https:\/\/yourtoursportugal.com\/es\/guia-viajes-algarve\/#breadcrumb","itemListElement":[{"@type":"ListItem","position":1,"name":"Inicio","item":"https:\/\/yourtoursportugal.com\/es\/"},{"@type":"ListItem","position":2,"name":"Algarve Travel Guide"}]},{"@type":"WebSite","@id":"https:\/\/yourtoursportugal.com\/es\/#website","url":"https:\/\/yourtoursportugal.com\/es\/","name":"Your Tours Portugal","description":"Viajes privados y experiencias a medida en Portugal","publisher":{"@id":"https:\/\/yourtoursportugal.com\/es\/#organization"},"potentialAction":[{"@type":"SearchAction","target":{"@type":"EntryPoint","urlTemplate":"https:\/\/yourtoursportugal.com\/es\/?s={search_term_string}"},"query-input":{"@type":"PropertyValueSpecification","valueRequired":true,"valueName":"search_term_string"}}],"inLanguage":"es"},{"@type":"Organization","@id":"https:\/\/yourtoursportugal.com\/es\/#organization","name":"Your Tours Portugal","url":"https:\/\/yourtoursportugal.com\/es\/","logo":{"@type":"ImageObject","inLanguage":"es","@id":"https:\/\/yourtoursportugal.com\/es\/#\/schema\/logo\/image\/","url":"https:\/\/yourtoursportugal.com\/wp-content\/uploads\/2022\/02\/Logotipo-YT-Portugal-vORIGINAL.png.webp","contentUrl":"https:\/\/yourtoursportugal.com\/wp-content\/uploads\/2022\/02\/Logotipo-YT-Portugal-vORIGINAL.png.webp","width":438,"height":440,"caption":"Your Tours Portugal"},"image":{"@id":"https:\/\/yourtoursportugal.com\/es\/#\/schema\/logo\/image\/"},"sameAs":["https:\/\/www.facebook.com\/yourtoursportugal","https:\/\/www.instagram.com\/yourtoursportugal\/","https:\/\/www.linkedin.com\/company\/yourtoursportugal\/"]}]}},"_links":{"self":[{"href":"https:\/\/yourtoursportugal.com\/es\/wp-json\/wp\/v2\/pages\/11561","targetHints":{"allow":["GET"]}}],"collection":[{"href":"https:\/\/yourtoursportugal.com\/es\/wp-json\/wp\/v2\/pages"}],"about":[{"href":"https:\/\/yourtoursportugal.com\/es\/wp-json\/wp\/v2\/types\/page"}],"author":[{"embeddable":true,"href":"https:\/\/yourtoursportugal.com\/es\/wp-json\/wp\/v2\/users\/4"}],"replies":[{"embeddable":true,"href":"https:\/\/yourtoursportugal.com\/es\/wp-json\/wp\/v2\/comments?post=11561"}],"version-history":[{"count":5,"href":"https:\/\/yourtoursportugal.com\/es\/wp-json\/wp\/v2\/pages\/11561\/revisions"}],"predecessor-version":[{"id":17211,"href":"https:\/\/yourtoursportugal.com\/es\/wp-json\/wp\/v2\/pages\/11561\/revisions\/17211"}],"wp:featuredmedia":[{"embeddable":true,"href":"https:\/\/yourtoursportugal.com\/es\/wp-json\/wp\/v2\/media\/12585"}],"wp:attachment":[{"href":"https:\/\/yourtoursportugal.com\/es\/wp-json\/wp\/v2\/media?parent=11561"}],"curies":[{"name":"wp","href":"https:\/\/api.w.org\/{rel}","templated":true}]}}